{"id":3,"date":"2020-12-03T15:45:14","date_gmt":"2020-12-03T14:45:14","guid":{"rendered":"https:\/\/body.ipmb1.usermd.net\/?page_id=3"},"modified":"2020-12-14T19:05:55","modified_gmt":"2020-12-14T18:05:55","slug":"polityka-prywatnosci","status":"publish","type":"page","link":"https:\/\/centrumbielizny.pl\/sklep\/polityka-prywatnosci\/","title":{"rendered":"Polityka prywatno\u015bci"},"content":{"rendered":"\n<p>Niniejszy dokument reguluje Polityk\u0119 prywatno\u015bci i plik\u00f3w \u201ecookies\u201d strony internetowej\u00a0<a href=\"https:\/\/centrumbielizny.pl\/sklep\">https:\/\/centrumbielizny.pl\/sklep<\/a>, udost\u0119pnionej pod adresem URL:\u00a0<a href=\"https:\/\/informatykprogramista.pl\/\">https:\/\/centrumbielizny.pl\/sklep<\/a>, zwanej dalej \u201eSerwisem\u201d. Serwis jest zarz\u0105dzany przez\u00a0firm\u0119 <\/p>\n\n\n\n<p>CENTRUM BIELIZNY WYSZCZUPLAJ\u0104CEJ sp. z o.o.<br>ul. Kaliska 28<br>81-502 Gdynia<\/p>\n\n\n\n<p>5862294462,\u00a0<\/p>\n\n\n\n<p>zwanej dalej \u201eUs\u0142ugodawc\u0105\u201d. Z Us\u0142ugodawc\u0105 mo\u017cna si\u0119 skontaktowa\u0107\u00a0przy u\u017cyciu adresu e-mail:\u00a0<a href=\"mailto:maciej@informatykprogramista.pl\">info@shapelingerie.pl<\/a>.<\/p>\n\n\n\n<p><strong>Administrator danych osobowych<\/strong><\/p>\n\n\n\n<p>Administratorem danych osobowych przetwarzanych w ramach Serwisu jest Us\u0142ugodawca.<\/p>\n\n\n\n<p><strong>Podstawa przetwarzania plik\u00f3w cookies<\/strong><\/p>\n\n\n\n<p>Osoby odwiedzaj\u0105ce serwis proszone s\u0105 o wyra\u017cenie dobrowolnej zgody na przetwarzanie plik\u00f3w cookies.<\/p>\n\n\n\n<p>Wyra\u017cenie zgody na przetwarzanie plik\u00f3w cookies nast\u0119puj\u0119 poprzez u\u017cycie przycisku zawieraj\u0105cego o\u015bwiadczenie o wyra\u017ceniu zgody na przetwarzanie plik\u00f3w cookies lub potwierdzenie zapoznania si\u0119 z jego warunkami. Zgoda ta mo\u017ce by\u0107 wycofana w ka\u017cdym czasie, w spos\u00f3b wolny od op\u0142at.<\/p>\n\n\n\n<p>Mo\u017cliwe jest wy\u0142\u0105czenie zapisywania plik\u00f3w cookies dla wszystkich po\u0142\u0105cze\u0144 z danej przegl\u0105darki lub dla konkretnej witryny, a tak\u017ce ich usuwanie. Spos\u00f3b zarz\u0105dzania plikami zale\u017cy od u\u017cywanego oprogramowania.<\/p>\n\n\n\n<p>Zgoda na przetwarzanie plik\u00f3w cookies jest dobrowolna. Nale\u017cy jednak pami\u0119ta\u0107, \u017ce ograniczenia w ich stosowaniu mog\u0105 utrudni\u0107 lub uniemo\u017cliwi\u0107 korzystanie z cz\u0119\u015bci funkcjonalno\u015bci Serwisu.<\/p>\n\n\n\n<p>Pliki cookies przetwarzamy na podstawie art. 173 ustawy z dnia 16 lipca 2004 r. Prawo telekomunikacyjne (Dz. U. z 2016 r., Nr 0, poz. 1489 z p\u00f3\u017an. zm.).<\/p>\n\n\n\n<p><strong>Pliki cookies Us\u0142ugodawcy<\/strong><\/p>\n\n\n\n<p>S\u0105 to pliki niezb\u0119dne do poprawnego dzia\u0142ania serwisu i zwi\u0105zane s\u0105 z technologi\u0105 w jakiej powsta\u0142 serwis.<\/p>\n\n\n\n<p><strong>Pliki cookies podmiot\u00f3w trzecich<\/strong><\/p>\n\n\n\n<p>Google Analytics \u2013 pozwalaj\u0105 one na ocen\u0119 jako\u015bci kampanii reklamowych, realizowanych przy u\u017cyciu us\u0142ugi Google Adwords, a tak\u017ce na badanie zachowa\u0144 i ruchu U\u017cytkownik\u00f3w oraz sporz\u0105dzanie statystyk ruchu,<\/p>\n\n\n\n<p>Cloudinary \u2013 pozwalaj\u0105 one na identyfikacj\u0119 urz\u0105dzenia i dostarczenie obrazk\u00f3w dopasowanych do wy\u015bwietlacza urz\u0105dzenia.<\/p>\n\n\n\n<p>Korzystanie z plik\u00f3w cookies podmiot\u00f3w trzecich jest uwarunkowane polityk\u0105 prywatno\u015bci i plik\u00f3w cookies, stosowan\u0105 przez te podmioty.<\/p>\n\n\n\n<p><strong>Zbiory, ich zakresy i cele przetwarzania danych osobowych<\/strong><\/p>\n\n\n\n<p>Serwis gromadzi dane osobowe u\u017cytkownik\u00f3w poprzez formularz kontaktowy. Dane kt\u00f3re s\u0105 zbierane to: imi\u0119, nazwisko, numer telefonu, e-mail.<\/p>\n\n\n\n<p>Zbiory danych osobowych U\u017cytkownik\u00f3w podlegaj\u0105 zg\u0142oszeniu do rejestracji Generalnemu Inspektorowi Ochrony Danych Osobowych. Ewentualnie stosowane w tym zakresie wy\u0142\u0105czenia wynikaj\u0105 w szczeg\u00f3lno\u015bci z art. 43 ustawy z dnia 29 sierpnia 1997 r. o ochronie danych osobowych (Dz. U. z 2016 r., Nr 0, poz. 922 z p\u00f3\u017an. zm.).<\/p>\n\n\n\n<p><strong>Powierzenie i udost\u0119pnianie danych osobowych<\/strong><\/p>\n\n\n\n<p>Mo\u017cemy powierzy\u0107 dane osobowe U\u017cytkownik\u00f3w innym podmiotom. Mog\u0105 by\u0107 to np. hostingodawca, obs\u0142uga ksi\u0119gowa lub prawna, operator p\u0142atno\u015bci albo inny podmiot, z kt\u00f3rym wsp\u00f3\u0142pracujemy w celu nale\u017cytego \u015bwiadczenia us\u0142ug. Powierzenie danych osobowych nast\u0119puje zawsze na podstawie pisemnej umowy powierzenia danych. Aktualny wykaz podmiot\u00f3w kt\u00f3rym powierzamy przetwarzanie danych, jest stale dost\u0119pny dla wszystkich U\u017cytkownik\u00f3w. W celu uzyskania dost\u0119pu do niego, wystarczy zwr\u00f3ci\u0107 si\u0119 do nas z takim \u017c\u0105daniem. Mo\u017cna to uczyni\u0107, np. poprzez wys\u0142anie wiadomo\u015bci e-mail. Podstaw\u0119 prawn\u0105 powierzenia danych osobowych stanowi art. 31 ustawy z dnia 29 sierpnia 1997 r. o ochronie danych osobowych (Dz. U. z 2016 r., Nr 0, poz. 922 z p\u00f3\u017an. zm.).<\/p>\n\n\n\n<p><strong>Uprawnienia U\u017cytkownika<\/strong><\/p>\n\n\n\n<p>W zwi\u0105zku z przetwarzaniem danych osobowych, U\u017cytkownikom<\/p>\n\n\n\n<p>przys\u0142uguj\u0105 zwi\u0105zane z tym uprawnienia:<\/p>\n\n\n\n<ul><li>prawo dost\u0119pu do tre\u015bci swoich danych,<\/li><li>prawo poprawiania swoich danych,<\/li><li>prawo \u017c\u0105dania uzupe\u0142nienia, uaktualnienia, sprostowania danych osobowych, czasowego lub sta\u0142ego wstrzymania ich przetwarzania lub ich usuni\u0119cia, je\u017celi s\u0105 one niekompletne, nieaktualne, nieprawdziwe lub zosta\u0142y zebrane z naruszeniem ustawy albo s\u0105 ju\u017c zb\u0119dne do realizacji celu, dla kt\u00f3rego zosta\u0142y zebrane,<\/li><li>prawo cofni\u0119cia w ka\u017cdej chwili zgody na przetwarzanie danych osobowych w celach marketingowych.<\/li><\/ul>\n\n\n\n<p>W przypadku woli skorzystania z wymienionych uprawnie\u0144, prosimy o kontakt.<\/p>\n\n\n\n<p><strong>Dzienniki serwerowe<\/strong><\/p>\n\n\n\n<p>To wewn\u0119trzne dzienniki zdarze\u0144 serwera Serwisu, automatycznie zapisuj\u0105ce \u017c\u0105dania stron, kt\u00f3re s\u0105 wysy\u0142ane gdy Klienci korzystaj\u0105 z Serwisu. Dzienniki systemowe zawieraj\u0105 \u017c\u0105danie strony wys\u0142ane przez U\u017cytkownika, adres IP, typ przegl\u0105darki, j\u0119zyk przegl\u0105darki, dat\u0119 i godzin\u0119 \u017c\u0105dania oraz co najmniej jeden plik \u201ecookie\u201d, kt\u00f3ry mo\u017ce jednoznacznie identyfikowa\u0107 przegl\u0105dark\u0119 U\u017cytkownika.<\/p>\n\n\n\n<p>Dane gromadzone w dziennikach systemowych s\u0105 przez nas wykorzystywane przez czas nieokre\u015blony, wy\u0142\u0105cznie w celu administrowania Serwisem. Nie s\u0105 one przekazywane na rzecz podmiot\u00f3w trzecich, z wy\u0142\u0105czeniem okoliczno\u015bci opisanych w niniejszym dokumencie.<\/p>\n\n\n\n<p>W zwi\u0105zku z korzystaniem z Serwisu przez U\u017cytkownik\u00f3w, w spos\u00f3b automatyczny mo\u017cemy zbiera\u0107 i zapisywa\u0107 w dziennikach serwer\u00f3w szczeg\u00f3\u0142y techniczne dotycz\u0105ce sposobu korzystania z us\u0142ug, przes\u0142ane przez U\u017cytkownika \u017c\u0105dania zwi\u0105zane ze \u015bwiadczeniem us\u0142ug drog\u0105 elektroniczn\u0105, adres IP oraz dane techniczne o dzia\u0142aniu Serwisu w zwi\u0105zku z czynno\u015bciami dokonywanymi przez U\u017cytkownika. S\u0105 to w szczeg\u00f3lno\u015bci informacje o rozpocz\u0119ciu, zako\u0144czeniu oraz zakresie ka\u017cdorazowego korzystania z us\u0142ugi \u015bwiadczonej drog\u0105 elektroniczn\u0105. Mo\u017cemy r\u00f3wnie\u017c zbiera\u0107 informacje, celem przechowywania ich lokalnie na urz\u0105dzeniu U\u017cytkownika, korzystaj\u0105c z mechanizmu pami\u0119ci przegl\u0105darki.<\/p>\n\n\n\n<p><strong>Pami\u0119\u0107 podr\u0119czna<\/strong><\/p>\n\n\n\n<p>\u015awiadcz\u0105c us\u0142ugi na rzecz U\u017cytkownik\u00f3w, mo\u017cemy w spos\u00f3b automatyczny korzysta\u0107 z pami\u0119ci podr\u0119cznej przegl\u0105darki, aplikacji lub urz\u0105dzenia U\u017cytkownika. Korzystanie to polega na przechowywaniu danych w pami\u0119ci przegl\u0105darki, zainstalowanej w urz\u0105dzeniu U\u017cytkownika. W ramach pami\u0119ci lokalnej, mo\u017cliwe jest przechowywanie danych mi\u0119dzysesyjnie, tj. pomi\u0119dzy kolejnymi sesjami U\u017cytkownika. Celem korzystania z pami\u0119ci podr\u0119cznej jest przyspieszenie korzystania z Serwisu, poprzez wyeliminowanie sytuacji, w kt\u00f3rej te same dane by\u0142yby wielokrotnie pobierane z Serwisu, obci\u0105\u017caj\u0105c tym samym \u0142\u0105cze internetowe U\u017cytkownika.<\/p>\n\n\n\n<p><strong>Zmiany Polityki prywatno\u015bci i plik\u00f3w cookies<\/strong><\/p>\n\n\n\n<p>Zastrzegamy sobie prawo do zmiany niniejszej Polityki prywatno\u015bci i plik\u00f3w cookies. W takim przypadku, opublikujemy jej zaktualizowan\u0105 wersj\u0119 w niniejszej lokalizacji.<\/p>\n\n\n\n<p><strong>Kontakt i zg\u0142oszenia<\/strong><\/p>\n\n\n\n<p>Nieustannie czynimy wszystko, by przetwarza\u0107 dane osobowe U\u017cytkownik\u00f3w i pliki cookies z dochowaniem najwy\u017cszych standard\u00f3w. Dlatego posiadamy wdro\u017cony system niezw\u0142ocznej reakcji na sytuacje zagro\u017ce\u0144 tych standard\u00f3w. W przypadku zidentyfikowania ich zagro\u017cenia lub naruszenia, prosimy o niezw\u0142oczny kontakt z nami, przy u\u017cyciu poni\u017cszych danych:<\/p>\n\n\n\n<h4><a href=\"mailto:maciej@informatykprogramista.pl\">info@shapelingerie.pl<\/a><\/h4>\n\n\n\n<p>CENTRUM BIELIZNY WYSZCZUPLAJ\u0104CEJ sp. z o.o.<br>ul. Kaliska 28<br>81-502 Gdynia\u00a0<\/p>\n\n\n\n<p>Z ch\u0119ci\u0105 zapoznamy si\u0119 ze wszelkimi informacjami zwrotnymi. Dlatego w przypadku jakichkolwiek pyta\u0144, \u017c\u0105da\u0144 lub w\u0105tpliwo\u015bci zwi\u0105zanych z przetwarzaniem danych osobowych lub plik\u00f3w cookies, zach\u0119camy do kontaktu.<\/p>\n","protected":false},"excerpt":{"rendered":"<p>Niniejszy dokument reguluje Polityk\u0119 prywatno\u015bci i plik\u00f3w \u201ecookies\u201d strony internetowej\u00a0https:\/\/centrumbielizny.pl\/sklep, udost\u0119pnionej pod adresem URL:\u00a0https:\/\/centrumbielizny.pl\/sklep, zwanej dalej \u201eSerwisem\u201d. Serwis jest zarz\u0105dzany przez\u00a0firm\u0119 CENTRUM BIELIZNY WYSZCZUPLAJ\u0104CEJ sp. z o.o.ul. Kaliska 2881-502 Gdynia 5862294462,\u00a0 zwanej dalej \u201eUs\u0142ugodawc\u0105\u201d. Z Us\u0142ugodawc\u0105 mo\u017cna si\u0119 skontaktowa\u0107\u00a0przy u\u017cyciu adresu e-mail:\u00a0info@shapelingerie.pl. Administrator danych osobowych Administratorem danych osobowych przetwarzanych w ramach Serwisu jest Us\u0142ugodawca. Podstawa [&hellip;]<\/p>\n","protected":false},"author":1,"featured_media":0,"parent":0,"menu_order":0,"comment_status":"closed","ping_status":"open","template":"","meta":[],"yoast_head":"<!-- This site is optimized with the Yoast SEO plugin v15.7 - https:\/\/yoast.com\/wordpress\/plugins\/seo\/ -->\n<title>Polityka prywatno\u015bci - Bielizna wyszczuplaj\u0105ca<\/title>\n<meta name=\"robots\" content=\"index, follow, max-snippet:-1, max-image-preview:large, max-video-preview:-1\" \/>\n<link rel=\"canonical\" href=\"https:\/\/centrumbielizny.pl\/sklep\/polityka-prywatnosci\/\" \/>\n<meta property=\"og:locale\" content=\"pl_PL\" \/>\n<meta property=\"og:type\" content=\"article\" \/>\n<meta property=\"og:title\" content=\"Polityka prywatno\u015bci - Bielizna wyszczuplaj\u0105ca\" \/>\n<meta property=\"og:description\" content=\"Niniejszy dokument reguluje Polityk\u0119 prywatno\u015bci i plik\u00f3w \u201ecookies\u201d strony internetowej\u00a0https:\/\/centrumbielizny.pl\/sklep, udost\u0119pnionej pod adresem URL:\u00a0https:\/\/centrumbielizny.pl\/sklep, zwanej dalej \u201eSerwisem\u201d. Serwis jest zarz\u0105dzany przez\u00a0firm\u0119 CENTRUM BIELIZNY WYSZCZUPLAJ\u0104CEJ sp. z o.o.ul. Kaliska 2881-502 Gdynia 5862294462,\u00a0 zwanej dalej \u201eUs\u0142ugodawc\u0105\u201d. Z Us\u0142ugodawc\u0105 mo\u017cna si\u0119 skontaktowa\u0107\u00a0przy u\u017cyciu adresu e-mail:\u00a0info@shapelingerie.pl. Administrator danych osobowych Administratorem danych osobowych przetwarzanych w ramach Serwisu jest Us\u0142ugodawca. Podstawa [&hellip;]\" \/>\n<meta property=\"og:url\" content=\"https:\/\/centrumbielizny.pl\/sklep\/polityka-prywatnosci\/\" \/>\n<meta property=\"og:site_name\" content=\"Bielizna wyszczuplaj\u0105ca\" \/>\n<meta property=\"article:modified_time\" content=\"2020-12-14T18:05:55+00:00\" \/>\n<meta name=\"twitter:card\" content=\"summary_large_image\" \/>\n<meta name=\"twitter:label1\" content=\"Est. reading time\">\n\t<meta name=\"twitter:data1\" content=\"6 minut\">\n<script type=\"application\/ld+json\" class=\"yoast-schema-graph\">{\"@context\":\"https:\/\/schema.org\",\"@graph\":[{\"@type\":\"WebSite\",\"@id\":\"https:\/\/centrumbielizny.pl\/sklep\/#website\",\"url\":\"https:\/\/centrumbielizny.pl\/sklep\/\",\"name\":\"Bielizna wyszczuplaj\\u0105ca\",\"description\":\"Body wyszczuplaj\\u0105ce i Figi wyszczuplaj\\u0105ce\",\"potentialAction\":[{\"@type\":\"SearchAction\",\"target\":\"https:\/\/centrumbielizny.pl\/sklep\/?s={search_term_string}\",\"query-input\":\"required name=search_term_string\"}],\"inLanguage\":\"pl-PL\"},{\"@type\":\"WebPage\",\"@id\":\"https:\/\/centrumbielizny.pl\/sklep\/polityka-prywatnosci\/#webpage\",\"url\":\"https:\/\/centrumbielizny.pl\/sklep\/polityka-prywatnosci\/\",\"name\":\"Polityka prywatno\\u015bci - Bielizna wyszczuplaj\\u0105ca\",\"isPartOf\":{\"@id\":\"https:\/\/centrumbielizny.pl\/sklep\/#website\"},\"datePublished\":\"2020-12-03T14:45:14+00:00\",\"dateModified\":\"2020-12-14T18:05:55+00:00\",\"inLanguage\":\"pl-PL\",\"potentialAction\":[{\"@type\":\"ReadAction\",\"target\":[\"https:\/\/centrumbielizny.pl\/sklep\/polityka-prywatnosci\/\"]}]}]}<\/script>\n<!-- \/ Yoast SEO plugin. -->","_links":{"self":[{"href":"https:\/\/centrumbielizny.pl\/sklep\/wp-json\/wp\/v2\/pages\/3"}],"collection":[{"href":"https:\/\/centrumbielizny.pl\/sklep\/wp-json\/wp\/v2\/pages"}],"about":[{"href":"https:\/\/centrumbielizny.pl\/sklep\/wp-json\/wp\/v2\/types\/page"}],"author":[{"embeddable":true,"href":"https:\/\/centrumbielizny.pl\/sklep\/wp-json\/wp\/v2\/users\/1"}],"replies":[{"embeddable":true,"href":"https:\/\/centrumbielizny.pl\/sklep\/wp-json\/wp\/v2\/comments?post=3"}],"version-history":[{"count":1,"href":"https:\/\/centrumbielizny.pl\/sklep\/wp-json\/wp\/v2\/pages\/3\/revisions"}],"predecessor-version":[{"id":727,"href":"https:\/\/centrumbielizny.pl\/sklep\/wp-json\/wp\/v2\/pages\/3\/revisions\/727"}],"wp:attachment":[{"href":"https:\/\/centrumbielizny.pl\/sklep\/wp-json\/wp\/v2\/media?parent=3"}],"curies":[{"name":"wp","href":"https:\/\/api.w.org\/{rel}","templated":true}]}}